{"id":35,"date":"2019-10-02T14:50:33","date_gmt":"2019-10-02T12:50:33","guid":{"rendered":"http:\/\/www.kerzenhaeuser.de\/kevelaer\/?page_id=35"},"modified":"2019-10-02T14:50:33","modified_gmt":"2019-10-02T12:50:33","slug":"gewinnspiele","status":"publish","type":"page","link":"https:\/\/www.kerzenhaus.de\/kevelaer\/gewinnspiele\/","title":{"rendered":"Gewinnspiele"},"content":{"rendered":"<h1>Social-Media-Gewinnspiele<\/h1>\n<h2>Teilnahmebedingungen<\/h2>\n<h3>Gewinnspiele und Verlosungen bei Facebook<\/h3>\n<p>Dies und Das &#8211; f\u00fcr jeden was&#8230; veranstaltet in unregelm\u00e4\u00dfigen Abst\u00e4nden Gewinnspiele und Verlosungen \u00fcber seinen Social-Media-Kanal (Facebook). Sofern nicht gesonderte Bedingungen ausgewiesen sind, gelten grunds\u00e4tzlich folgende Teilnahmebedingungen:<\/p>\n<ul>\n<li>Jeder, der Kommentare unter dem jeweiligen Gewinnspiel-Beitrag postet, nimmt an der Verlosung teil. Ein Rechtsanspruch besteht nicht.<\/li>\n<li>Die Aufl\u00f6sung erfolgt in der Regel per Kommentar unter dem Post und privater Nachricht an den Gewinner \/ die Gewinnerin. Jeder Gewinner muss sich innerhalb von f\u00fcnf Werktagen per privater Nachricht oder E-Mail an info@kerzen-bloemen.de melden. Meldet sich ein Gewinner nicht innerhalb dieser Frist, wird der jeweilige Preis erneut verlost.<\/li>\n<li>Kommentare, die gegen die Facebook-Richtlinien, deutsches Recht oder das Copyright versto\u00dfen, werden nach Kenntnisnahme ohne Ank\u00fcndigung entfernt. Der Teilnehmer ist damit vom Gewinn ausgeschlossen.<\/li>\n<li>Teilnahmeberechtigt sind Personen aus Deutschland.<\/li>\n<li>Die Gewinne werden grunds\u00e4tzlich nicht verschickt und k\u00f6nnen nur im Kerzenhaus neben der Basilika, Hauptstra\u00dfe 1, 47623 Kevelaer abgeholt werden.<\/li>\n<li>Es werden alle Namen der Teilnehmer erfasst und zur Gewinnermittlung gespeichert. Alle Daten werden sp\u00e4testens 30 Tage nach Ende des Gewinnspiels gel\u00f6scht. Adressdaten werden nur von den Gewinnern erfasst und nur zur Abwicklung des Gewinnes genutzt. Es werden keine Daten an Dritte weitergeben. Den Teilnehmern stehen gesetzliche Auskunfts-, \u00c4nderungs- und Widerrufsrechte zu.<\/li>\n<li>Facebook hat nichts mit dem Gewinnspiel zu tun.<\/li>\n<li>Facebook steht nicht als Ansprechpartner f\u00fcr das Gewinnspiel zur Verf\u00fcgung.<\/li>\n<\/ul>\n<p>&nbsp;<\/p>\n","protected":false},"excerpt":{"rendered":"<p>Social-Media-Gewinnspiele Teilnahmebedingungen Gewinnspiele und Verlosungen bei Facebook Dies und Das &#8211; f\u00fcr jeden was&#8230; veranstaltet in unregelm\u00e4\u00dfigen Abst\u00e4nden Gewinnspiele und Verlosungen \u00fcber seinen Social-Media-Kanal&#8230;<\/p>\n","protected":false},"author":1,"featured_media":0,"parent":0,"menu_order":0,"comment_status":"closed","ping_status":"closed","template":"","meta":{"footnotes":""},"class_list":["post-35","page","type-page","status-publish","hentry"],"_links":{"self":[{"href":"https:\/\/www.kerzenhaus.de\/kevelaer\/wp-json\/wp\/v2\/pages\/35","targetHints":{"allow":["GET"]}}],"collection":[{"href":"https:\/\/www.kerzenhaus.de\/kevelaer\/wp-json\/wp\/v2\/pages"}],"about":[{"href":"https:\/\/www.kerzenhaus.de\/kevelaer\/wp-json\/wp\/v2\/types\/page"}],"author":[{"embeddable":true,"href":"https:\/\/www.kerzenhaus.de\/kevelaer\/wp-json\/wp\/v2\/users\/1"}],"replies":[{"embeddable":true,"href":"https:\/\/www.kerzenhaus.de\/kevelaer\/wp-json\/wp\/v2\/comments?post=35"}],"version-history":[{"count":1,"href":"https:\/\/www.kerzenhaus.de\/kevelaer\/wp-json\/wp\/v2\/pages\/35\/revisions"}],"predecessor-version":[{"id":36,"href":"https:\/\/www.kerzenhaus.de\/kevelaer\/wp-json\/wp\/v2\/pages\/35\/revisions\/36"}],"wp:attachment":[{"href":"https:\/\/www.kerzenhaus.de\/kevelaer\/wp-json\/wp\/v2\/media?parent=35"}],"curies":[{"name":"wp","href":"https:\/\/api.w.org\/{rel}","templated":true}]}}