{"id":3,"date":"2019-10-01T16:14:04","date_gmt":"2019-10-01T16:14:04","guid":{"rendered":"http:\/\/www.kerzenhaeuser.de\/kevelaer?page_id=3"},"modified":"2019-10-02T14:47:58","modified_gmt":"2019-10-02T12:47:58","slug":"datenschutzerklaerung","status":"publish","type":"page","link":"https:\/\/www.kerzenhaus.de\/kevelaer\/impressum\/datenschutzerklaerung\/","title":{"rendered":"Datenschutzerkl\u00e4rung"},"content":{"rendered":"<p>Die Betreiber dieser Seiten nehmen den Schutz Ihrer pers\u00f6nlichen Daten sehr ernst. Wir behandeln Ihre personenbezogenen Daten vertraulich und entsprechend der gesetzlichen Datenschutzvorschriften sowie dieser Datenschutzerkl\u00e4rung.<\/p>\n<p>Die Nutzung unserer Webseite ist in der Regel ohne Angabe personenbezogener Daten m\u00f6glich. Soweit auf unseren Seiten personenbezogene Daten (beispielsweise Name, Anschrift oder E-Mail-Adressen) erhoben werden, erfolgt dies, soweit m\u00f6glich, stets auf freiwilliger Basis. Diese Daten werden ohne Ihre ausdr\u00fcckliche Zustimmung nicht an Dritte weitergegeben.<\/p>\n<p>Wir weisen darauf hin, dass die Daten\u00fcbertragung im Internet (z.B. bei der Kommunikation per E-Mail) Sicherheitsl\u00fccken aufweisen kann. Ein l\u00fcckenloser Schutz der Daten vor dem Zugriff durch Dritte ist nicht m\u00f6glich.<\/p>\n<h2>1. Name und Kontaktdaten des f\u00fcr die Verarbeitung Verantwortlichen<\/h2>\n<p>Kerzen Bloemen e.K.<br \/>\nThomas Bloemen<br \/>\nBedburger Weide 3-5<br \/>\n47551 Bedburg-Hau (Hasselt)<br \/>\nTelefon: 02821 896427<br \/>\nE-Mail: info@kerzen-bloemen.de<\/p>\n<p>Aufgrund unserer Betriebsgr\u00f6\u00dfe sind wir nicht verpflichtet einen Datenschutzbeauftragten zu bestellen.<\/p>\n<h2>2. Erhebung und Speicherung personenbezogener Daten sowie Art und Zweck von deren Verwendung<\/h2>\n<h2>2.1) Beim Besuch dieser Website<\/h2>\n<p>Beim Aufrufen dieser Website werden durch den Browser, der auf Ihrem Endger\u00e4t genutzt wird, automatisch Informationen an den Server unserer Website geschickt. Diese Informationen werden vor\u00fcbergehend in einer Protokolldatei (Logfile) gespeichert. Die nachfolgenden Informationen werden dabei ohne Ihr Zutun erfasst und bis zur automatisierten L\u00f6schung gespeichert:<\/p>\n<ul>\n<li>IP-Adresse des anfragenden Rechners<\/li>\n<li>Datum und Uhrzeit des Zugriffs<\/li>\n<li>Name und URL der abgerufenen Datei<\/li>\n<li>Website, von der aus der Zugriff erfolgt (Referrer-URL)<\/li>\n<li>verwendeter Browser und ggf. das Betriebssystem Ihres Rechners sowie der Name Ihres Access-Providers.<\/li>\n<\/ul>\n<p>Die genannten Daten werden von uns zu folgenden Zwecken verarbeitet:<\/p>\n<ul>\n<li>Gew\u00e4hrleistung eines reibungslosen Verbindungsaufbaus der Website<\/li>\n<li>Gew\u00e4hrleistung einer komfortablen Nutzung unserer Website<\/li>\n<li>Webanalyse und -statistik<\/li>\n<li>Auswertung der Systemsicherheit und -stabilit\u00e4t sowie<\/li>\n<li>zu weiteren administrativen Zwecken.<\/li>\n<\/ul>\n<p>Diese Datenverarbeitung erfolgt nach Art. 6 Abs. 1 S. 1 lit. f DSGVO. Unser berechtigtes Interesse besteht darin, die oben genannte Zwecke zur Datenerhebung zu erreichen. Wir nutzen in keinem Fall die erhobenen Daten zu dem Zweck, R\u00fcckschl\u00fcsse auf Ihre Person zu ziehen.<\/p>\n<p>Dar\u00fcber hinaus werden bei einem Besuch unserer Website Cookies und Analysedienste eingesetzt. N\u00e4here Erl\u00e4uterungen dazu erhalten Sie unter den Ziff. 4 und 5 dieser Datenschutzinformation.<\/p>\n<h2>2.2) Anmeldung zu unserem Newsletter und dessen Nutzung<\/h2>\n<p>Wenn Sie nach Art. 6 Abs. 1 S. 1 lit. a DSGVO eingewilligt haben, verwenden wir Ihre E-Mail-Adresse, um Ihnen w\u00f6chentlich und regelm\u00e4\u00dfig unseren Newsletter zu zusenden. Weitere Daten als Ihre E-Mail-Adresse ben\u00f6tigen wir daf\u00fcr nicht.<\/p>\n<p>Sie k\u00f6nnen sich jederzeit abmelden. Dazu k\u00f6nnen Sie den Link am Ende eines jeden Newsletters verwenden oder Sie k\u00f6nnen uns Ihren Abmeldewunsch gerne auch jederzeit an die bei den o.g. Kontaktdaten genannte E-Mail-Adresse.<\/p>\n<h2>2.3) Nutzung unseres Kontaktformulars<\/h2>\n<p>Wenn Sie Fragen an uns haben, k\u00f6nnen Sie sich mittels des von uns auf unserer Website bereitgestellten Formulars an uns wenden und so mit uns Kontakt aufnehmen. Damit wir wissen, von wem die Frage stammt und wem wir antworten sollen, ben\u00f6tigen wir die Angabe einer g\u00fcltigen E-Mail-Adresse, mehr nicht. Sie k\u00f6nnen aber weitere Angaben freiwillig machen.<\/p>\n<p>Die Datenverarbeitung zum Zwecke der Kontaktaufnahme mit uns erfolgt auf Grundlage Ihrer freiwilligen Einwilligung nach Art. 6 Abs. 1 S. 1 lit. a DSGVO.<\/p>\n<p>Die f\u00fcr die Benutzung des Kontaktformulars von uns erhobenen personenbezogenen Daten werden nach Erledigung der von Ihnen gestellten Frage automatisch gel\u00f6scht.<\/p>\n<h2>3. Weitergabe von Daten<\/h2>\n<p>Wir \u00fcbermitteln Ihre pers\u00f6nlichen Daten an Dritte zu anderen als den im Folgenden aufgef\u00fchrten Zwecken nicht.<br \/>\nWir geben Ihre pers\u00f6nlichen Daten nur an Dritte weiter, wenn:<\/p>\n<ul type=\"disc\">\n<li>die Weitergabe erfolgen muss, weil nach Art. 6 Abs. 1 S. 1 lit. c DSGVO eine gesetzliche Verpflichtung dazu besteht<\/li>\n<\/ul>\n<h2>4. Cookies<\/h2>\n<p>Wir setzen auf unserer Seite Cookies ein. Wenn Sie unsere Website besuchen, werden diese kleinen Dateien aktiviert, die von Ihrem Browser automatisch erstellt und die auf Ihrem Endger\u00e4t (z.B. Laptop, Tablet, Smartphone o.\u00e4.) gespeichert werden. Zur weiteren Erkl\u00e4rung: Cookies enthalten keine Trojaner, Viren, W\u00fcrmer oder sonstige Schadsoftware und richten auf Ihrem Endger\u00e4t auch sonst keinen Schaden an.<\/p>\n<p>In dem Cookie werden Informationen abgelegt, die sich automatisch und jeweils im Zusammenhang mit dem spezifisch eingesetzten Endger\u00e4t ergeben. Das Cookie f\u00fchrt nicht dazu, uns unmittelbar Ihre Identit\u00e4t offenzulegen.<\/p>\n<p>Cookies habe vor allem folgende Funktionen: Durch den Einsatz von Cookies sollen Sie unser Angebot besser nutzen k\u00f6nnen. Zum einen dienen Cookies diesem Zweck. Deswegen setzen wir z.B. Cookies ein, mit denen erkannt werden kann, dass Sie einzelne Seiten unserer Website bereits besucht haben. Diese sogenannten Session-Cookies werden automatisch gel\u00f6scht, wenn Sie unsere Seiten verlassen haben.<\/p>\n<p>Ebenfalls um die Benutzerfreundlichkeit optimal zu gestalten, setzen wir dar\u00fcber hinaus Cookies ein, die auf Ihrem Endger\u00e4t f\u00fcr einen bestimmten festgelegten Zeitraum gespeichert werden. Wenn Sie dann unsere Seite erneut besuchen, um unsere Informationen und Dienste in Anspruch zu nehmen, erkennen diese Cookies automatisch, dass Sie bereits unsere Seiten aufgesucht und welche Eingaben und Einstellungen sie get\u00e4tigt haben. Zweck dieser Cookies ist es, solche Eingaben und Einstellungen nicht erneut t\u00e4tigen zu m\u00fcssen.<\/p>\n<p>Sie k\u00f6nnen Ihren Browser jedoch so einstellen, dass keine Cookies auf Ihrem Computer gespeichert werden oder stets ein Hinweis erscheint, bevor ein neuer Cookie angelegt wird. Wenn Sie aber Cookies vollst\u00e4ndig deaktivieren, kann das dazu f\u00fchren, dass Sie nicht alle Funktionen unserer Website nutzen k\u00f6nnen.<\/p>\n<p>Schlie\u00dflich nutzen wir Cookies, um statistisch zu erfassen und auszuwerten, wie unsere Websites genutzt werden. Diese Erfassung und Auswertung dient dem Zweck, unsere Angebote weiter zu verbessern. (siehe auch Ziff. 5). Auch diese Cookies erm\u00f6glichen es uns, automatisch zu erkennen, dass Sie bereits unserer Seiten genutzt haben. Solche Cookies werden nach einem jeweils definierten Zeitraum automatisch gel\u00f6scht.<\/p>\n<p>Die Datenverarbeitung durch Cookies erfolgt f\u00fcr die vorstehend aufgef\u00fchrten Zwecke. Sie dient damit der Wahrung unserer berechtigten Interessen sowie ggf. den berechtigten Interessen Dritter nach Art. 6 Abs. 1 S. 1 lit. f DSGVO.<\/p>\n<p>Die meisten Browser akzeptieren Cookies automatisch. Erneut aber der Hinweis, dass Sie Ihren Browser so einrichten k\u00f6nnen, dass keine Cookies auf Ihrem Computer gespeichert werden oder stets ein Hinweis erscheint, bevor ein neuer Cookie angelegt wird.<\/p>\n<h2>5. Analyse-Tools<\/h2>\n<h2>5.1) Tracking-Tools<\/h2>\n<p>Die im Folgenden aufgef\u00fchrten und von uns eingesetzten Tracking-Ma\u00dfnahmen werden auf Grundlage des Art. 6 Abs. 1 S. 1 lit. f DSGVO durchgef\u00fchrt. Auch mit den zum Einsatz kommenden Tracking-Ma\u00dfnahmen wollen wir zum einen lediglich eine bedarfsgerechte Gestaltung und fortlaufende Optimierung unserer Webseite sicherstellen. Zum anderen setzen wir auch die Tracking-Ma\u00dfnahmen ein, um die Nutzung unserer Webseite statistisch zu erfassen und zum Zwecke der Optimierung unseres Angebotes f\u00fcr Sie auszuwerten. Insoweit berufen wir uns auf Art. 6 Abs. 1 S. 1 lit f DSGVO. Diese Zwecke sind als berechtigte Interessen im Sinne der vorgenannten Vorschrift einzuordnen.<\/p>\n<p>Die jeweiligen Datenverarbeitungszwecke und Datenkategorien sind aus den entsprechenden Tracking-Tools zu entnehmen.<\/p>\n<h2>5.2) Google Analytics<\/h2>\n<p>Diese Website nutzt Funktionen des Webanalysedienstes Google Analytics. Anbieter ist die Google Inc., 1600 Amphitheatre Parkway Mountain View, CA 94043, USA.<\/p>\n<p>Google Analytics verwendet so genannte &#8222;Cookies&#8220;. Das sind Textdateien, die auf Ihrem Computer gespeichert werden und die eine Analyse der Benutzung der Website durch Sie erm\u00f6glichen. Die durch den Cookie erzeugten Informationen \u00fcber Ihre Benutzung dieser Website werden in der Regel an einen Server von Google in den USA \u00fcbertragen und dort gespeichert.<\/p>\n<p>Mehr Informationen zum Umgang mit Nutzerdaten bei Google Analytics finden Sie in der Datenschutzerkl\u00e4rung (<a href=\"https:\/\/support.google.com\/analytics\/answer\/6004245?hl=de\" target=\"_top\" rel=\"noopener noreferrer\">https:\/\/support.google.com\/analytics\/answer\/6004245?hl=de<\/a>) von Google.<\/p>\n<h2>5.2.1) Browser Plugin<\/h2>\n<p>Sie k\u00f6nnen die Speicherung der Cookies durch eine entsprechende Einstellung Ihrer Browser-Software verhindern; wir weisen Sie jedoch darauf hin, dass Sie in diesem Fall gegebenenfalls nicht s\u00e4mtliche Funktionen dieser Website vollumf\u00e4nglich werden nutzen k\u00f6nnen. Sie k\u00f6nnen dar\u00fcber hinaus die Erfassung der durch den Cookie erzeugten und auf Ihre Nutzung der Website bezogenen Daten (inkl. Ihrer IP-Adresse) an Google sowie die Verarbeitung dieser Daten durch Google verhindern, indem Sie das unter dem folgenden Link verf\u00fcgbare Browser-Plugin (<a href=\"https:\/\/tools.google.com\/dlpage\/gaoptout?hl=de\" target=\"_top\" rel=\"noopener noreferrer\">https:\/\/tools.google.com\/dlpage\/gaoptout?hl=de<\/a>) herunterladen und installieren.<\/p>\n<h2>5.2.2) Widerspruch gegen Datenerfassung<\/h2>\n<p>Sie k\u00f6nnen die Erfassung Ihrer Daten durch Google Analytics verhindern, indem Sie das unter 5.2.1 genannte Plugin von Google installieren.<\/p>\n<h2>5.2.3) Auftragsdatenverarbeitung<\/h2>\n<p>Wir haben mit Google einen Vertrag zur Auftragsdatenverarbeitung abgeschlossen und setzen die strengen Vorgaben der deutschen Datenschutzbeh\u00f6rden bei der Nutzung von Google Analytics vollst\u00e4ndig um.<\/p>\n<h2>5.2.4) IP-Anonymisierung<\/h2>\n<p>Wir nutzen die Funktion &#8222;Aktivierung der IP-Anonymisierung&#8220; auf dieser Webseite. Dadurch wird Ihre IP-Adresse von Google jedoch innerhalb von Mitgliedstaaten der Europ\u00e4ischen Union oder in anderen Vertragsstaaten des Abkommens \u00fcber den Europ\u00e4ischen Wirtschaftsraum zuvor gek\u00fcrzt. Nur in Ausnahmef\u00e4llen wird die volle IP-Adresse an einen Server von Google in den USA \u00fcbertragen und dort gek\u00fcrzt. Im Auftrag des Betreibers dieser Website wird Google diese Informationen benutzen, um Ihre Nutzung der Website auszuwerten, um Reports \u00fcber die Websiteaktivit\u00e4ten zusammenzustellen und um weitere mit der Websitenutzung und der Internetnutzung verbundene Dienstleistungen gegen\u00fcber dem Websitebetreiber zu erbringen. Die im Rahmen von Google Analytics von Ihrem Browser \u00fcbermittelte IP-Adresse wird nicht mit anderen Daten von Google zusammengef\u00fchrt.<\/p>\n<h2>6. Social Media Plug-ins<\/h2>\n<p>Wir verwenden auf unserer Website auf Grundlage des Art. 6 Abs. 1 S. 1 lit. f DSGVO Social Plug-ins der sozialen Netzwerke Facebook und Twitter. Ziel ist es dabei, mit unseren Mitgliedern auch \u00fcber diese sozialen Netzwerke in Verbindung zu treten und mit ihnen kommunizieren zu k\u00f6nnen. Nat\u00fcrlich verfolgen wir auch das Ziel, den DJV und seine Landesverb\u00e4nde bekannt zu machen. Die so verfolgten kommunikativen und werblichen Zwecke sind nach unserer Meinung jeweils als berechtigtes Interesse im Sinne der DSGVO einzustufen. Die Verantwortung f\u00fcr den datenschutzkonformen Betrieb wird durch den jeweiligen Anbieter des Netzwerks sicherzustellen. Wir binden die Plug-ins im Wege der sogenannten Zwei-Klick-Methode ein, um Besucher unserer Webseite bestm\u00f6glich zu sch\u00fctzen.<\/p>\n<h2>6.1) Facebook<\/h2>\n<p>Auf unserer Website verwenden wir Social-Media Plugins von Facebook. Wir nutzen den \u201eLIKE\u201c oder \u201eTEILEN\u201c-Button als Angebote von Facebook. Wenn Sie eine Seite unseres Webauftritts aufrufen, die ein solches Plugin enth\u00e4lt, baut Ihr Browser eine direkte Verbindung mit den Servern von Facebook auf. Der Inhalt des Plugins wird von Facebook direkt an Ihren Browser \u00fcbermittelt und von diesem in die Webseite eingebunden.<\/p>\n<p>Wenn Ihr Browser eine unserer Webseiten besucht, auf der das Plugin eingebettet ist, erh\u00e4lt Facebook die Information, dass Ihr Browser die entsprechende Seite unseres Webauftritts aufgerufen hat. Das gilt auch dann, wenn Sie kein Facebook-Konto besitzen oder gerade nicht bei Facebook eingeloggt sind. Diese Information (einschlie\u00dflich Ihrer IP-Adresse) wird von Ihrem Browser direkt an einen Server von Facebook in den USA \u00fcbermittelt und dort gespeichert.<\/p>\n<p>Die Nutzung Ihrer Daten durch Facebook, wenn Sie dort eingeloggt sind oder wenn Sie z.B. den \u201eLIKE\u201c oder \u201eTEILEN\u201c-Button dr\u00fccken, erfolgt nach den Regeln von Facebook. Informationen werden direkt an einen Server von Facebook \u00fcbermittelt und dort gespeichert. Die Informationen werden zudem nach den Regeln von Facebook dort ver\u00f6ffentlicht und gegebenenfalls Dritten, z.B. Ihren Facebook-Freunden, gezeigt. Wenn Sie nicht m\u00f6chten, dass Facebook die \u00fcber unseren Webauftritt gesammelten Daten Ihrem Facebook-Konto zuordnet oder sonst in der beschriebenen Weise verwendet, m\u00fcssen Sie sich vor Ihrem Besuch unserer Website bei Facebook ausloggen.<\/p>\n<p>Zweck und Umfang der Datenerhebung und die weitere Verarbeitung und Nutzung der Daten durch Facebook sowie Ihre diesbez\u00fcglichen Rechte und Einstellungsm\u00f6glichkeiten zum Schutz Ihrer Privatsph\u00e4re entnehmen Sie bitte den Datenschutzhinweisen (<a href=\"https:\/\/www.facebook.com\/about\/privacy\/\" target=\"_top\" rel=\"noopener noreferrer\">https:\/\/www.facebook.com\/about\/privacy<\/a>) von Facebook.<\/p>\n<h2>6.2) Twitter<\/h2>\n<p>Auf unseren Internetseiten sind Plugins des Kurznachrichtennetzwerks der Twitter Inc. (Twitter) integriert. Die Twitter-Plugins (tweet-Button) erkennen Sie an dem Twitter-Logo auf unserer Seite. Eine \u00dcbersicht \u00fcber tweet-Buttons finden Sie hier (<a href=\"https:\/\/about.twitter.com\/resources\/buttons\" target=\"_top\" rel=\"noopener noreferrer\">https:\/\/about.twitter.com\/resources\/buttons<\/a>). Auch im Fall von Twitter wird eine direkte Verbindung zwischen Ihrem Browser und dem von Twitter genutzten Server hergestellt, wenn Sie eine unserer Webseiten nutzen, in der ein Plugin von Twitter enthalten ist.<\/p>\n<p>Weitere Informationen hierzu finden Sie in der Datenschutzerkl\u00e4rung von Twitter (<a href=\"https:\/\/twitter.com\/privacy\" target=\"_top\" rel=\"noopener noreferrer\">https:\/\/twitter.com\/privacy<\/a>)<\/p>\n<p>Wenn Sie nicht w\u00fcnschen, dass Twitter den Besuch unserer Seiten zuordnen oder sonst verarbeiten kann, loggen Sie sich bitte aus Ihrem Twitter-Benutzerkonto zuvor aus.<\/p>\n<h2>6.3) Instagram<\/h2>\n<p>Auf unseren Seiten sind Funktionen des Dienstes Instagram eingebunden. Diese Funktionen werden angeboten durch die Instagram Inc., 1601 Willow Road, Menlo Park, CA, 94025, USA integriert. Wenn Sie in Ihrem Instagram \u2013 Account eingeloggt sind k\u00f6nnen Sie durch Anklicken des Instagram \u2013 Buttons die Inhalte unserer Seiten mit Ihrem Instagram \u2013 Profil verlinken. Dadurch kann Instagram den Besuch unserer Seiten Ihrem Benutzerkonto zuordnen. Wir weisen darauf hin, dass wir als Anbieter der Seiten keine Kenntnis vom Inhalt der \u00fcbermittelten Daten sowie deren Nutzung durch Instagram erhalten.<\/p>\n<p>Weitere Informationen hierzu finden Sie in der Datenschutzerkl\u00e4rung (<a href=\"http:\/\/instagram.com\/about\/legal\/privacy\/\" target=\"_top\" rel=\"noopener noreferrer\">http:\/\/instagram.com\/about\/legal\/privacy<\/a>) von Instagram.<\/p>\n<h2>7. Betroffenenrechte<\/h2>\n<p>Ihre Rechte:<\/p>\n<ul type=\"disc\">\n<li>Sie k\u00f6nnen gem\u00e4\u00df Art. 15 DSGVO Auskunft \u00fcber Ihre von uns verarbeiteten personenbezogenen Daten verlangen, insbesondere dar\u00fcber, zu welchen Zwecken die personenbezogenen Daten verarbeitet werden und, wenn m\u00f6glich, wie lange sie gespeichert werden, wer die Empf\u00e4nger der personenbezogenen Daten sind, nach welcher Logik die automatische Verarbeitung personenbezogener Daten erfolgt und welche Folgen eine solche Verarbeitung haben kann, zumindest in F\u00e4llen, in denen die Verarbeitung auf Profiling beruht.<\/li>\n<li>Sie haben gem\u00e4\u00df Art. 16 DSGVO das Recht, unverz\u00fcglich die Berichtigung Sie betreffender unrichtiger personenbezogener Daten zu verlangen. Sie haben auch das Recht, die Vervollst\u00e4ndigung unvollst\u00e4ndiger personenbezogener Daten \u2013 auch mittels einer erg\u00e4nzenden Erkl\u00e4rung \u2013 zu verlangen.<\/li>\n<li>Sie k\u00f6nnen gem\u00e4\u00df Art. 17 DSGVO die L\u00f6schung Ihrer bei uns gespeicherten personenbezogenen Daten verlangen, soweit nicht die Verarbeitung zur Aus\u00fcbung des Rechts auf freie Meinungs\u00e4u\u00dferung und Information, zur Erf\u00fcllung einer rechtlichen Verpflichtung, aus Gr\u00fcnden des \u00f6ffentlichen Interesses oder zur Geltendmachung, Aus\u00fcbung oder Verteidigung von Rechtsanspr\u00fcchen erforderlich ist.<\/li>\n<li>Sie k\u00f6nnen gem\u00e4\u00df Art. 18 DSGVO die Beschr\u00e4nkung der Verarbeitung Ihrer personenbezogenen Daten verlangen, soweit Sie die Richtigkeit der Daten bestreiten oder die Verarbeitung unrechtm\u00e4\u00dfig und wir die Daten nicht mehr ben\u00f6tigen, Sie jedoch die Daten zur Geltendmachung, Aus\u00fcbung oder Verteidigung von Rechtsanspr\u00fcchen ben\u00f6tigen oder wenn Sie gem\u00e4\u00df Art.21 DSGVO Widerspruch gegen die Verarbeitung eingelegt haben.<\/li>\n<li>Sie haben gem\u00e4\u00df Art. 20 DSGVO das Recht, die Sie betreffenden personenbezogenen Daten, die sie uns bereitgestellt haben, in einem strukturierten, g\u00e4ngigen und maschinenlesbaren Format zu erhalten, und Sie haben das Recht, diese Daten einem anderen Verantwortlichen ohne Behinderung durch uns, zu \u00fcbermitteln.<\/li>\n<li>Sie k\u00f6nnen gem\u00e4\u00df Art. 7 Abs. 3 DSGVO Ihre einmal erteilte Einwilligung jederzeit gegen\u00fcber uns widerrufen. Dadurch wird aber die Rechtm\u00e4\u00dfigkeit der Verarbeitung bis zum Widerruf nicht ber\u00fchrt.<\/li>\n<li>Sie haben gem\u00e4\u00df Art. 77 DSGVO das Recht, sich bei einer Aufsichtsbeh\u00f6rde ihres gew\u00f6hnlichen Aufenthaltsorts, ihres Arbeitsplatzes oder des Orts des mutma\u00dflichen Versto\u00dfes zu beschweren.<\/li>\n<\/ul>\n<h2>8. Widerspruchsrecht<\/h2>\n<p>Sie haben das Recht, gem\u00e4\u00df Art. 21 DSGVO Widerspruch gegen die Verarbeitung Ihrer personenbezogenen Daten zu erheben, sofern Ihre personenbezogenen Daten von uns auf der Basis berechtigter Interessen gem\u00e4\u00df Art. 6 Abs. 1 S. 1 lit. f DSGVO verarbeitet und von uns keine zwingenden schutzw\u00fcrdigen Gr\u00fcnde f\u00fcr die Verarbeitung nachgewiesen werden. M\u00f6chten Sie von Ihrem Widerrufs- oder Widerspruchsrecht Gebrauch machen, gen\u00fcgt eine E-Mail an die bei den o.g. Kontaktdaten genannte E-Mail-Adresse.<\/p>\n<h2>9. Datensicherheit<\/h2>\n<p>Ihre Newsletteranmeldung erfolgt per E-Mail-Technologie an eine per SSL-Verfahren (Secure Socket Layer), in der Regel handelt es sich dabei um eine 256 Bit Verschl\u00fcsselung, gesicherte E-Mail-Adresse.<\/p>\n<p>Wir bedienen uns im \u00dcbrigen geeigneter technischer und organisatorischer Sicherheitsma\u00dfnahmen, um Ihre Daten gegen zuf\u00e4llige oder vors\u00e4tzliche Manipulationen, teilweisen oder vollst\u00e4ndigen Verlust, Zerst\u00f6rung oder gegen den unbefugten Zugriff Dritter zu sch\u00fctzen. Unsere Sicherheitsma\u00dfnahmen werden entsprechend der technologischen Entwicklung fortlaufend verbessert.<\/p>\n<h2>10. Aktualit\u00e4t und \u00c4nderung dieser Datenschutzerkl\u00e4rung<\/h2>\n<p>Diese Datenschutzerkl\u00e4rung ist aktuell g\u00fcltig und hat den Stand Mai 2018. Das schlie\u00dft zuk\u00fcnftige \u00c4nderungen wegen technischer, gesetzlicher oder beh\u00f6rdlicher Vorgaben nicht aus. Die jeweils aktuelle Datenschutzerkl\u00e4rung kann jederzeit hier auf der Website von Ihnen abgerufen und ausgedruckt werden:<br \/>\nhttp:\/\/www.diesunddas-hasselt.de\/datenschutzerklaerung<\/p>\n","protected":false},"excerpt":{"rendered":"<p>Die Betreiber dieser Seiten nehmen den Schutz Ihrer pers\u00f6nlichen Daten sehr ernst. Wir behandeln Ihre personenbezogenen Daten vertraulich und entsprechend der gesetzlichen Datenschutzvorschriften sowie&#8230;<\/p>\n","protected":false},"author":1,"featured_media":0,"parent":32,"menu_order":0,"comment_status":"closed","ping_status":"open","template":"","meta":{"footnotes":""},"class_list":["post-3","page","type-page","status-publish","hentry"],"_links":{"self":[{"href":"https:\/\/www.kerzenhaus.de\/kevelaer\/wp-json\/wp\/v2\/pages\/3","targetHints":{"allow":["GET"]}}],"collection":[{"href":"https:\/\/www.kerzenhaus.de\/kevelaer\/wp-json\/wp\/v2\/pages"}],"about":[{"href":"https:\/\/www.kerzenhaus.de\/kevelaer\/wp-json\/wp\/v2\/types\/page"}],"author":[{"embeddable":true,"href":"https:\/\/www.kerzenhaus.de\/kevelaer\/wp-json\/wp\/v2\/users\/1"}],"replies":[{"embeddable":true,"href":"https:\/\/www.kerzenhaus.de\/kevelaer\/wp-json\/wp\/v2\/comments?post=3"}],"version-history":[{"count":1,"href":"https:\/\/www.kerzenhaus.de\/kevelaer\/wp-json\/wp\/v2\/pages\/3\/revisions"}],"predecessor-version":[{"id":34,"href":"https:\/\/www.kerzenhaus.de\/kevelaer\/wp-json\/wp\/v2\/pages\/3\/revisions\/34"}],"up":[{"embeddable":true,"href":"https:\/\/www.kerzenhaus.de\/kevelaer\/wp-json\/wp\/v2\/pages\/32"}],"wp:attachment":[{"href":"https:\/\/www.kerzenhaus.de\/kevelaer\/wp-json\/wp\/v2\/media?parent=3"}],"curies":[{"name":"wp","href":"https:\/\/api.w.org\/{rel}","templated":true}]}}